{"id":1164,"date":"2017-01-23T22:57:47","date_gmt":"2017-01-23T22:57:47","guid":{"rendered":"http:\/\/polart-stowarzyszenie.pl\/?page_id=1164"},"modified":"2024-03-01T00:56:41","modified_gmt":"2024-03-01T00:56:41","slug":"joanna-krupinska-trzebiatowska","status":"publish","type":"page","link":"https:\/\/polart-stowarzyszenie.pl\/?page_id=1164","title":{"rendered":"Joanna Krupi\u0144ska-Trzebiatowska"},"content":{"rendered":"<p><img data-attachment-id=\"1401\" data-permalink=\"https:\/\/polart-stowarzyszenie.pl\/?attachment_id=1401\" data-orig-file=\"https:\/\/i2.wp.com\/polart-stowarzyszenie.pl\/wp-content\/uploads\/2017\/04\/519a5b0e1f7c5fbe4756907cba3aecdd.jpg?fit=526%2C526&amp;ssl=1\" data-orig-size=\"526,526\" data-comments-opened=\"0\" data-image-meta=\"{&quot;aperture&quot;:&quot;0&quot;,&quot;credit&quot;:&quot;&quot;,&quot;camera&quot;:&quot;&quot;,&quot;caption&quot;:&quot;&quot;,&quot;created_timestamp&quot;:&quot;0&quot;,&quot;copyright&quot;:&quot;&quot;,&quot;focal_length&quot;:&quot;0&quot;,&quot;iso&quot;:&quot;0&quot;,&quot;shutter_speed&quot;:&quot;0&quot;,&quot;title&quot;:&quot;&quot;,&quot;orientation&quot;:&quot;0&quot;}\" data-image-title=\"FINA\u0141\" data-image-description=\"\" data-medium-file=\"https:\/\/i2.wp.com\/polart-stowarzyszenie.pl\/wp-content\/uploads\/2017\/04\/519a5b0e1f7c5fbe4756907cba3aecdd.jpg?fit=300%2C300&amp;ssl=1\" data-large-file=\"https:\/\/i2.wp.com\/polart-stowarzyszenie.pl\/wp-content\/uploads\/2017\/04\/519a5b0e1f7c5fbe4756907cba3aecdd.jpg?fit=526%2C526&amp;ssl=1\" loading=\"lazy\" class=\"alignnone size-medium wp-image-1401\" src=\"https:\/\/i2.wp.com\/polart-stowarzyszenie.pl\/wp-content\/uploads\/2017\/04\/519a5b0e1f7c5fbe4756907cba3aecdd.jpg?resize=300%2C300\" alt=\"FINA\u0141\" width=\"300\" height=\"300\" srcset=\"https:\/\/i2.wp.com\/polart-stowarzyszenie.pl\/wp-content\/uploads\/2017\/04\/519a5b0e1f7c5fbe4756907cba3aecdd.jpg?resize=300%2C300&amp;ssl=1 300w, https:\/\/i2.wp.com\/polart-stowarzyszenie.pl\/wp-content\/uploads\/2017\/04\/519a5b0e1f7c5fbe4756907cba3aecdd.jpg?resize=150%2C150&amp;ssl=1 150w, https:\/\/i2.wp.com\/polart-stowarzyszenie.pl\/wp-content\/uploads\/2017\/04\/519a5b0e1f7c5fbe4756907cba3aecdd.jpg?w=526&amp;ssl=1 526w\" sizes=\"(max-width: 300px) 100vw, 300px\" data-recalc-dims=\"1\" \/><\/p>\n<p>Urodzona w Krakowie, absolwentka II LO im.Kr\u00f3la Jana III Sobieskiego oraz Wydzia\u0142u Prawa Uniwersytetu Jagiello\u0144skiego w Krakowie, prokurator, redaktor naczelna <em>Pisma Artystyczno-Literackiego HYBRYDA<\/em>, prezes i wsp\u00f3\u0142za\u0142o\u017cyciel Stowarzyszenia Tw\u00f3rczego POLART oraz wiceprezes i wsp\u00f3\u0142za\u0142o\u017cyciel Towarzystwa Muzycznego im.Haliny Czerny-Stefa\u0144skiej i Ludwika Stefa\u0144skiego, w kadencji 2010-2015 wiceprezes KO ZLP i cz\u0142onek Zarz\u0105du G\u0142\u00f3wnego ZLP, od 2015 prezes KO ZLP, \u00a0debiutowa\u0142a jako poetka w 1988 roku na \u0142amach \u017bycia Literackiego.<\/p>\n<p><strong>Powie\u015bci:<\/strong><\/p>\n<p><strong><em>Cie\u0144 Boga<\/em>,<\/strong> 2005 Krak\u00f3w<br \/>\n<em><strong>Magiczny kr\u0105g<\/strong>,<\/em> 2006 Krak\u00f3w<br \/>\n<strong><em>Zwi\u0105zek bez zobowi\u0105za\u0144,<\/em> <\/strong>2007 Krak\u00f3w<br \/>\n<strong><em>Donos<\/em>,<\/strong> 2008 Krak\u00f3w<\/p>\n<p><strong><em>Doktor Q<\/em>\u00a0,<\/strong> 2010 Krak\u00f3w<\/p>\n<p><strong><em>Nie\u015blubny syn,<\/em><\/strong> 2011 Krak\u00f3w<\/p>\n<p><strong><em>Niedorzeczna mi\u0142o\u015b\u0107,<\/em><\/strong> 2013 Krak\u00f3w<\/p>\n<p><strong><em>Zdrada,<\/em><\/strong> 2015 Krak\u00f3w<\/p>\n<p><strong>Zbiory wierszy:<\/strong><\/p>\n<p><em>Przebudzenie<\/em>, 1993 Krak\u00f3w<br \/>\n<em>Sny<\/em>, 1993 Krak\u00f3w<br \/>\n<em>P\u0142omienie<\/em>, 1993 Krak\u00f3w<br \/>\n<em>Labirynt,<\/em> 1999 Krak\u00f3w<br \/>\n<em>Jesienny nokturn,<\/em> 1999 Krak\u00f3w<br \/>\n<em>W\u015br\u00f3d nas,<\/em>1999 Krak\u00f3w<br \/>\n<em>Rzeczywiste i nierzeczywiste<\/em>, 2001 Krak\u00f3w<br \/>\n<em>W jedn\u0105 stron\u0119 bez prawa powrotu<\/em>, 2007 Krak\u00f3w<br \/>\n<em>Taniec \u015bmierci<\/em>\u00a0, 2010 Krak\u00f3w<\/p>\n<p><em>Trickster,<\/em> 2013 Krak\u00f3w<\/p>\n<p>Dramat: <em>Nie\u015blubny syn Margo<\/em><\/p>\n<p><strong>x\u00a0 x\u00a0 x<\/strong><\/p>\n<p><em>Stoj\u0119 na jednej nodze<\/em><br \/>\n<em>\u0141udz\u0119 si\u0119 \u017ce utrzymam r\u00f3wnowag\u0119<\/em><br \/>\n<em>Uciekam od rzeczywisto\u015bci<\/em><br \/>\n<em>W \u015bwiat u\u0142udy<\/em><br \/>\n<em>Buduj\u0119 bajecznie kolorowe obrazy<\/em><br \/>\n<em>I nawet w\u00f3wczas kiedy pada deszcz<\/em><br \/>\n<em>wydaje mi si\u0119 \u017ce \u015bwieci s\u0142o\u0144ce<\/em><\/p>\n<p><em>Zamykam oczy przechodz\u0105c obok<\/em><br \/>\n<em>le\u017c\u0105cego na chodniku pijaka<\/em><br \/>\n<em>Nie sprawdzam czy \u017cyje<\/em><br \/>\n<em>Nie mam takiej potrzeby<\/em><br \/>\n<em>Skoro i on jest wytworem mojej imaginacji<\/em><\/p>\n<p><em>Porzucam potr\u0105conego psa<\/em><br \/>\n<em>Nie pr\u00f3buj\u0105c udzieli\u0107 pomocy<\/em><br \/>\n<em>Nie dochodz\u0119 kto obdar\u0142 ze sk\u00f3ry kota<\/em><br \/>\n<em>Zatykam uszy<\/em><br \/>\n<em>aby nie s\u0142ysze\u0107 p\u0142aczu maltretowanego za \u015bcian\u0105 dziecka<\/em><br \/>\n<em>Krzyku rodz\u0105cej na ulicy kobiety<\/em><br \/>\n<em>J\u0119ku umieraj\u0105cego cz\u0142owieka<\/em><br \/>\n<em>Wrzasku t\u0142umu \u017c\u0105daj\u0105cego chleba<\/em><br \/>\n<em>I pracy<\/em><br \/>\n<em>Nie chc\u0119 widzie\u0107<\/em><br \/>\n<em>i nie chc\u0119 s\u0142ysze\u0107<\/em><br \/>\n<em>Od tego s\u0105 politycy<\/em><br \/>\n<em>Mam powa\u017cne w\u0105tpliwo\u015bci<\/em><br \/>\n<em>Czy \u015bwiat jest rzeczywisty<\/em><\/p>\n<p><strong>x\u00a0 x\u00a0 x<\/strong><\/p>\n<p><em>Brak mi s\u0142\u00f3w<\/em><br \/>\n<em>\u017badne nie pasuje<\/em><br \/>\n<em>By wyrazi\u0107, co naprawd\u0119 czuj\u0119<\/em><br \/>\n<em>Dzi\u0119kuj\u0119 \u2013 to o wiele za ma\u0142o<\/em><br \/>\n<em>Bywaj zdr\u00f3w \u2013 lakoniczne<\/em><br \/>\n<em>Nie widzie\u0107, co oznacza<\/em><br \/>\n<em>Zw\u0142aszcza, kiedy odchodz\u0119 i wracam<\/em><br \/>\n<em>Gdy zamykam za sob\u0105 drzwi, u\u015bmiechasz si\u0119 przekonany,<\/em><br \/>\n<em>\u017be niebawem znowu us\u0142yszysz pukanie<\/em><br \/>\n<em>No, bo czemu nie<\/em><br \/>\n<em>W ko\u0144cu, u kogo w \u015brodku zimy kwitn\u0105 tulipany<\/em><br \/>\n<em>Z\u0142oszcz\u0119 si\u0119 widz\u0105c nagie piersi jakiej\u015b obcej baby<\/em><br \/>\n<em>Do cholery dosy\u0107 tej zabawy w boga<\/em><br \/>\n<em>T\u0142umaczysz, \u017ce dosi\u0119gasz prawie idea\u0142u,<\/em><br \/>\n<em>a kobieta, kt\u00f3r\u0105 malujesz, nic dla ciebie nie znaczy<\/em><br \/>\n<em>W rzeczywisto\u015bci nie istnieje<\/em><br \/>\n<em>Kto wie, m\u00f3wi\u0119 p\u00f3\u0142 serio p\u00f3\u0142 \u017cartem<\/em><br \/>\n<em>Ocieraj\u0105c ukradkiem \u0142z\u0119<\/em><br \/>\n<em>Przytul mnie i rozpal ogie\u0144 w kominku<\/em><br \/>\n<em>Za oknem pr\u00f3szy \u015bnieg<\/em><br \/>\n<em>Dzwoni\u0105 dzwonki sa\u0144<\/em><\/p>\n","protected":false},"excerpt":{"rendered":"<p>Urodzona w Krakowie, absolwentka II LO im.Kr\u00f3la Jana III Sobieskiego oraz Wydzia\u0142u Prawa Uniwersytetu Jagiello\u0144skiego w Krakowie, prokurator, redaktor naczelna Pisma Artystyczno-Literackiego HYBRYDA, prezes i wsp\u00f3\u0142za\u0142o\u017cyciel Stowarzyszenia Tw\u00f3rczego POLART oraz wiceprezes i wsp\u00f3\u0142za\u0142o\u017cyciel Towarzystwa Muzycznego im.Haliny Czerny-Stefa\u0144skiej i Ludwika Stefa\u0144skiego, w kadencji 2010-2015 wiceprezes KO ZLP i cz\u0142onek Zarz\u0105du G\u0142\u00f3wnego ZLP, od 2015 prezes KO ZLP, \u00a0debiutowa\u0142a jako poetka w 1988 roku na \u0142amach \u017bycia Literackiego. Powie\u015bci: Cie\u0144 Boga, 2005 Krak\u00f3w Magiczny kr\u0105g, 2006 Krak\u00f3w Zwi\u0105zek bez zobowi\u0105za\u0144, 2007 Krak\u00f3w Donos, 2008 Krak\u00f3w Doktor Q\u00a0, 2010 Krak\u00f3w Nie\u015blubny syn, 2011 Krak\u00f3w Niedorzeczna mi\u0142o\u015b\u0107, 2013 Krak\u00f3w Zdrada, 2015 Krak\u00f3w Zbiory wierszy: Przebudzenie, 1993 Krak\u00f3w Sny, 1993 Krak\u00f3w P\u0142omienie, 1993 Krak\u00f3w Labirynt, [&hellip;]<\/p>\n","protected":false},"author":1,"featured_media":0,"parent":118,"menu_order":0,"comment_status":"closed","ping_status":"closed","template":"","meta":{"spay_email":""},"jetpack_sharing_enabled":true,"jetpack_shortlink":"https:\/\/wp.me\/Pco9ws-iM","jetpack-related-posts":[{"id":759,"url":"https:\/\/polart-stowarzyszenie.pl\/?page_id=759","url_meta":{"origin":1164,"position":0},"title":"ZAMEK KR\u00d3LEWSKI W NIEPO\u0141OMICACH 7 - 04 - 2016","date":"6 kwietnia 2016","format":false,"excerpt":"Krak\u00f3w, 6 kwietnia 2016 SPRAWOZDANIE ZARZ\u0104DU STOWARZYSZENIA TW\u00d3RCZEGO POLART Z DZIA\u0141ALNO\u015aCI MERYTORYCZNEJ W OKRESIE OD 1 STYCZNIA DO 31 GRUDNIA 2015 ROKU 1. Walne Zgromadzenie Cz\u0142onk\u00f3w Stowarzyszenia Tw\u00f3rczego POLART W dniu 14 stycznia 2015 dokona\u0142o wyboru nowych w\u0142adz. W sk\u0142ad Zarz\u0105du weszli: Joanna Krupi\u0144ska-Trzebiatowska \u2013 prezes Jerzy Jan Nowakowski \u2013\u2026","rel":"","context":"Similar post","img":{"alt_text":"","src":"https:\/\/i0.wp.com\/polart-stowarzyszenie.pl\/wp-content\/uploads\/2016\/03\/baner-int-212x300.jpg?resize=350%2C200","width":350,"height":200},"classes":[]},{"id":76,"url":"https:\/\/polart-stowarzyszenie.pl\/?page_id=76","url_meta":{"origin":1164,"position":1},"title":"III MI\u0118DZYNARODOWY FESTIWAL 2015","date":"9 marca 2016","format":false,"excerpt":"ZWI\u0104ZKI POMI\u0118DZY KULTUR\u0104 PO\u0141UDNIA A P\u00d3\u0141NOCY \u2013 SCHUBERT-CHOPIN-GRIEG \u2013 WZAJEMNE INSPIRACJE I REZONANS W MALARSTWIE I LITERATURZE KRAK\u00d3W -\u00a0BUDAPESZT-\u00a0WIEDE\u0143 \u00a02015 \u00a0 https:\/\/www.youtube.com\/watch?v=YY27OgeQ7cs \u00a0 21 czerwiec - 6 wrzesie\u0144 2015 21.06 WYSTAWA MALARSTWA K AI SOLECKIEJ\u00a0W RUBINSTEIN RESIDENCE W KRAKOWIE 26.06 WIECZ\u00d3R AUTORSKI KRZYSZTOFA JE\u017bEWSKIEGO I MAI NOVAL W RUBINSTEIN RESIDENCE\u2026","rel":"","context":"Similar post","img":{"alt_text":"Wieden","src":"https:\/\/i2.wp.com\/polart-stowarzyszenie.pl\/wp-content\/uploads\/2016\/03\/Wieden.jpg?resize=350%2C200","width":350,"height":200},"classes":[]},{"id":82,"url":"https:\/\/polart-stowarzyszenie.pl\/?page_id=82","url_meta":{"origin":1164,"position":2},"title":"I MI\u0118DZYNARODOWY FESTIWAL 2013","date":"9 marca 2016","format":false,"excerpt":"ZWI\u0104ZKI POMI\u0118DZY KULTUR\u0104 PO\u0141UDNIA A P\u00d3\u0141NOCY \u2013 SCHUBERT-CHOPIN-GRIEG \u2013 WZAJEMNE INSPIRACJE I REZONANS W MALARSTWIE I LITERATURZE Krak\u00f3w -\u00a0\u00a0Arendal -\u00a0\u00a0WIEDE\u0143\u00a0\u00a02013 \u00a0 ----------------------------------------------------------------------- \u00a0","rel":"","context":"Similar post","img":{"alt_text":"","src":"https:\/\/i2.wp.com\/polart-stowarzyszenie.pl\/wp-content\/uploads\/2016\/03\/ART_3825a.jpg?resize=350%2C200","width":350,"height":200},"classes":[]},{"id":186,"url":"https:\/\/polart-stowarzyszenie.pl\/?page_id=186","url_meta":{"origin":1164,"position":3},"title":"Joanna Krupi\u0144ska-Trzebiatowska","date":"12 marca 2016","format":false,"excerpt":"\u00a0 \u00a0 \u00a0 \u00a0 15.01.2014 W RUBINSTEIN RESIDENCE w Krakowie JUBILEUSZ PRACY TW\u00d3RCZEJ ZDRADA - PROMOCJA: 12.11.2015\u00a0w Klubie Dziennikarzy POD GRUSZK\u0104 w Krakowie 13.01.2016 w Przysietnicy 8.02.2016 w MBP w Nowym S\u0105czu \u00a0 wieczory autorskie: 3 marca 2016\u00a0 w Klubie Muzyki i Literatury\u00a0we Wroc\u0142awiu 12 maja 2016 w WBP w\u2026","rel":"","context":"Similar post","img":{"alt_text":"","src":"https:\/\/i1.wp.com\/polart-stowarzyszenie.pl\/wp-content\/uploads\/2016\/03\/img_0822.jpg?resize=350%2C200","width":350,"height":200},"classes":[]},{"id":225,"url":"https:\/\/polart-stowarzyszenie.pl\/?page_id=225","url_meta":{"origin":1164,"position":4},"title":"ZARZ\u0104D","date":"13 marca 2016","format":false,"excerpt":"Numer KRS: 0000248803 \u00a0 Joanna Katarzyna Krupi\u0144ska-Trzebiatowska\u00a0- Prezes joanna.kt@poczta.fm nowakowskijerzy@wp.pl f.galuszka@onet.pl Stefan Dousa -\u00a0Wiceprezes sdousa@pk.edu.pl Janusz Panek - Sekretarz Ferdynand Nawratil -\u00a0Cz\u0142onek\u00a0Zarz\u0105du fnawratil@gmail.com J\u00f3zef \u00a0Lipiec -\u00a0Cz\u0142onek\u00a0Zarz\u0105du jozef.lipiec@wp.pl Marta Patena -\u00a0Cz\u0142onek\u00a0Zarz\u0105du marta@patena.pl Jan Poprawa -\u00a0Cz\u0142onek\u00a0Zarz\u0105du miglioramento@op.pl J\u00f3zef Kazimierz M\u0119drala -\u00a0Cz\u0142onek\u00a0Zarz\u0105du kancelaria@jmkkancelaria.pl Renata \u00a0Bonczar-Poloczek -\u00a0Cz\u0142onek\u00a0Zarz\u0105du renata@op.pl Janusz Jutrzenka-Trzebiatowski - \u00a0Prezes honorowy Andrzej\u2026","rel":"","context":"Similar post","img":{"alt_text":"","src":"https:\/\/i1.wp.com\/polart-stowarzyszenie.pl\/wp-content\/uploads\/2018\/02\/2018.05.19-wieliczka-polart-fot.Jan-Poprawa092.jpg?resize=350%2C200&ssl=1","width":350,"height":200},"classes":[]},{"id":2465,"url":"https:\/\/polart-stowarzyszenie.pl\/?page_id=2465","url_meta":{"origin":1164,"position":5},"title":"VIII Mi\u0119dzynarodowy Festiwal 2020","date":"1 czerwca 2022","format":false,"excerpt":"VIII MI\u0118DZYNARODOWY FESTIWAL \u00a0ZWI\u0104ZKI POMI\u0118DZY KULTUR\u0104 PO\u0141UDNIA A P\u00d3\u0141NOCY SCHUBERT-CHOPIN-GRIEG WZAJEMNE INSPIRACJE I REZONANS W MALARSTWIE I LTERATURZE\u00a0w Willi Decjusza w Krakowie Recital Chopinowski Renaty \u017be\u0142obowskiej-Orzechowskiej w Willi Decjusza w Krakowie Wr\u0119czenie Medali Gloria Artis Paniom Profesor Bogus\u0142awie Hubisz-Sielskiej i Renacie \u017be\u0142obowskiej-Orzechowskiej GLORIA ARTIS na wniosek Stowarzyszenia Tw\u00f3rczego POLART Wiceprezes\u2026","rel":"","context":"Similar post","img":{"alt_text":"","src":"https:\/\/i2.wp.com\/polart-stowarzyszenie.pl\/wp-content\/uploads\/2022\/06\/VIII-MFI-scaled.jpg?fit=848%2C1200&ssl=1&resize=350%2C200","width":350,"height":200},"classes":[]}],"_links":{"self":[{"href":"https:\/\/polart-stowarzyszenie.pl\/index.php?rest_route=\/wp\/v2\/pages\/1164"}],"collection":[{"href":"https:\/\/polart-stowarzyszenie.pl\/index.php?rest_route=\/wp\/v2\/pages"}],"about":[{"href":"https:\/\/polart-stowarzyszenie.pl\/index.php?rest_route=\/wp\/v2\/types\/page"}],"author":[{"embeddable":true,"href":"https:\/\/polart-stowarzyszenie.pl\/index.php?rest_route=\/wp\/v2\/users\/1"}],"replies":[{"embeddable":true,"href":"https:\/\/polart-stowarzyszenie.pl\/index.php?rest_route=%2Fwp%2Fv2%2Fcomments&post=1164"}],"version-history":[{"count":7,"href":"https:\/\/polart-stowarzyszenie.pl\/index.php?rest_route=\/wp\/v2\/pages\/1164\/revisions"}],"predecessor-version":[{"id":3169,"href":"https:\/\/polart-stowarzyszenie.pl\/index.php?rest_route=\/wp\/v2\/pages\/1164\/revisions\/3169"}],"up":[{"embeddable":true,"href":"https:\/\/polart-stowarzyszenie.pl\/index.php?rest_route=\/wp\/v2\/pages\/118"}],"wp:attachment":[{"href":"https:\/\/polart-stowarzyszenie.pl\/index.php?rest_route=%2Fwp%2Fv2%2Fmedia&parent=1164"}],"curies":[{"name":"wp","href":"https:\/\/api.w.org\/{rel}","templated":true}]}}