{"id":275,"date":"2016-03-13T02:15:34","date_gmt":"2016-03-13T02:15:34","guid":{"rendered":"http:\/\/polart-stowarzyszenie.pl\/?page_id=275"},"modified":"2016-03-13T02:15:34","modified_gmt":"2016-03-13T02:15:34","slug":"ewa-poradowska-werszel","status":"publish","type":"page","link":"http:\/\/polart-stowarzyszenie.pl\/?page_id=275","title":{"rendered":"EWA PORADOWSKA-WERSZEL"},"content":{"rendered":"","protected":false},"excerpt":{"rendered":"","protected":false},"author":1,"featured_media":0,"parent":112,"menu_order":0,"comment_status":"closed","ping_status":"closed","template":"","meta":{"spay_email":""},"jetpack_sharing_enabled":true,"jetpack_shortlink":"https:\/\/wp.me\/Pco9ws-4r","jetpack-related-posts":[{"id":10,"url":"http:\/\/polart-stowarzyszenie.pl\/?page_id=10","url_meta":{"origin":275,"position":0},"title":"POLART W NIEPO\u0141OMICACH 7 KWIETNIA 2016  - XVIII SALON SZTUKI POLARTU 2016","date":"9 marca 2016","format":false,"excerpt":"https:\/\/www.facebook.com\/events\/1565128807131896\/ W wystawie bior\u0105 udzia\u0142: ROMAN BANASZEWSKI STANIS\u0141AW BATRUCH KIEJSTUT BERE\u0179NICKI ANNA BERG RENATA BONCZAR TERESA CHOMIK-KAZARIAN STEFAN DOUSA ANDRZEJ GUTTFELD ANNA JELONEK-SOCHA RYSZARD KARCZMARSKI IZABELLA KIERSKA BRONIS\u0141AW KRZYSZTOF WINCENTY KU\u0106MA KRZYSZTOF KULI\u015a KRZYSZTOF LITWIN ANDRZEJ MAKUCH KRYSTYNA NOWAKOWSKA JERZY NOWAKOWSKI EWA OLSZEWSKA-BORYS ANDRZEJ POLLO ADRIAN POLOCZEK AGATA POLOCZEK EWA\u2026","rel":"","context":"Similar post","img":{"alt_text":"","src":"https:\/\/i2.wp.com\/polart-stowarzyszenie.pl\/wp-content\/uploads\/2016\/03\/1934561_1162874633722562_7999808838506461301_n-200x300.jpg?resize=350%2C200","width":350,"height":200},"classes":[]},{"id":54,"url":"http:\/\/polart-stowarzyszenie.pl\/?page_id=54","url_meta":{"origin":275,"position":1},"title":"DZIA\u0141ALNO\u015a\u0106 I FINANSE","date":"9 marca 2016","format":false,"excerpt":"KRS: 0000248803, NIP: 6772213118, REGON: 351400271 Numer konta \u00a0: 40 1240 4533 1111 0010 3142 4771","rel":"","context":"Similar post","img":{"alt_text":"","src":"","width":0,"height":0},"classes":[]},{"id":227,"url":"http:\/\/polart-stowarzyszenie.pl\/?page_id=227","url_meta":{"origin":275,"position":2},"title":"KOMISJA REWIZYJNA","date":"13 marca 2016","format":false,"excerpt":"prof. Bogus\u0142awa Hubisz-Sielska prof. Ewa Oko\u0144-Horody\u0144ska Bronis\u0142aw Krzysztof prof. Zbigniew Porada","rel":"","context":"Similar post","img":{"alt_text":"","src":"","width":0,"height":0},"classes":[]},{"id":225,"url":"http:\/\/polart-stowarzyszenie.pl\/?page_id=225","url_meta":{"origin":275,"position":3},"title":"ZARZ\u0104D","date":"13 marca 2016","format":false,"excerpt":"Numer KRS: 0000248803 \u00a0 Joanna Katarzyna Krupi\u0144ska-Trzebiatowska\u00a0- Prezes joanna.kt@poczta.fm nowakowskijerzy@wp.pl f.galuszka@onet.pl Stefan Dousa -\u00a0Wiceprezes sdousa@pk.edu.pl Janusz Panek - Sekretarz Ferdynand Nawratil -\u00a0Cz\u0142onek\u00a0Zarz\u0105du fnawratil@gmail.com J\u00f3zef \u00a0Lipiec -\u00a0Cz\u0142onek\u00a0Zarz\u0105du jozef.lipiec@wp.pl Marta Patena -\u00a0Cz\u0142onek\u00a0Zarz\u0105du marta@patena.pl Jan Poprawa -\u00a0Cz\u0142onek\u00a0Zarz\u0105du miglioramento@op.pl J\u00f3zef Kazimierz M\u0119drala -\u00a0Cz\u0142onek\u00a0Zarz\u0105du kancelaria@jmkkancelaria.pl Renata \u00a0Bonczar-Poloczek -\u00a0Cz\u0142onek\u00a0Zarz\u0105du renata@op.pl Janusz Jutrzenka-Trzebiatowski - \u00a0Prezes honorowy Andrzej\u2026","rel":"","context":"Similar post","img":{"alt_text":"","src":"https:\/\/i1.wp.com\/polart-stowarzyszenie.pl\/wp-content\/uploads\/2018\/02\/2018.05.19-wieliczka-polart-fot.Jan-Poprawa092.jpg?resize=350%2C200","width":350,"height":200},"classes":[]},{"id":1580,"url":"http:\/\/polart-stowarzyszenie.pl\/?page_id=1580","url_meta":{"origin":275,"position":4},"title":"Sprawozdanie Zarz\u0105du Stowarzyszenia Tw\u00f3rczego POLART w Krakowie za rok 2016","date":"2 maja 2017","format":false,"excerpt":"ZARZ\u0104DZANIE. W 2016 r. odby\u0142o si\u0119 Walne Zgromadzenie Stowarzyszenia \u2013 7 kwietnia 2016 r. na Zamku w Niepo\u0142omicach. przyj\u0119to sprawozdanie merytoryczne z dzia\u0142alno\u015bci 2015 przyj\u0119to sprawozdanie finansowe z dzia\u0142alno\u015bci 2015 udzielono absolutorium Zarz\u0105dowi przyj\u0119to nowych cz\u0142onk\u00f3w: Jan Zych, Adam Gryczy\u0144ski, Wis\u0142a Batruch, Marek Dunin-W\u0105sowicz \u00a0 W 2016 r. odby\u0142o si\u0119\u2026","rel":"","context":"Similar post","img":{"alt_text":"","src":"","width":0,"height":0},"classes":[]},{"id":759,"url":"http:\/\/polart-stowarzyszenie.pl\/?page_id=759","url_meta":{"origin":275,"position":5},"title":"ZAMEK KR\u00d3LEWSKI W NIEPO\u0141OMICACH 7 - 04 - 2016","date":"6 kwietnia 2016","format":false,"excerpt":"Krak\u00f3w, 6 kwietnia 2016 SPRAWOZDANIE ZARZ\u0104DU STOWARZYSZENIA TW\u00d3RCZEGO POLART Z DZIA\u0141ALNO\u015aCI MERYTORYCZNEJ W OKRESIE OD 1 STYCZNIA DO 31 GRUDNIA 2015 ROKU 1. Walne Zgromadzenie Cz\u0142onk\u00f3w Stowarzyszenia Tw\u00f3rczego POLART W dniu 14 stycznia 2015 dokona\u0142o wyboru nowych w\u0142adz. W sk\u0142ad Zarz\u0105du weszli: Joanna Krupi\u0144ska-Trzebiatowska \u2013 prezes Jerzy Jan Nowakowski \u2013\u2026","rel":"","context":"Similar post","img":{"alt_text":"","src":"https:\/\/i0.wp.com\/polart-stowarzyszenie.pl\/wp-content\/uploads\/2016\/03\/baner-int-212x300.jpg?resize=350%2C200","width":350,"height":200},"classes":[]}],"_links":{"self":[{"href":"http:\/\/polart-stowarzyszenie.pl\/index.php?rest_route=\/wp\/v2\/pages\/275"}],"collection":[{"href":"http:\/\/polart-stowarzyszenie.pl\/index.php?rest_route=\/wp\/v2\/pages"}],"about":[{"href":"http:\/\/polart-stowarzyszenie.pl\/index.php?rest_route=\/wp\/v2\/types\/page"}],"author":[{"embeddable":true,"href":"http:\/\/polart-stowarzyszenie.pl\/index.php?rest_route=\/wp\/v2\/users\/1"}],"replies":[{"embeddable":true,"href":"http:\/\/polart-stowarzyszenie.pl\/index.php?rest_route=%2Fwp%2Fv2%2Fcomments&post=275"}],"version-history":[{"count":1,"href":"http:\/\/polart-stowarzyszenie.pl\/index.php?rest_route=\/wp\/v2\/pages\/275\/revisions"}],"predecessor-version":[{"id":276,"href":"http:\/\/polart-stowarzyszenie.pl\/index.php?rest_route=\/wp\/v2\/pages\/275\/revisions\/276"}],"up":[{"embeddable":true,"href":"http:\/\/polart-stowarzyszenie.pl\/index.php?rest_route=\/wp\/v2\/pages\/112"}],"wp:attachment":[{"href":"http:\/\/polart-stowarzyszenie.pl\/index.php?rest_route=%2Fwp%2Fv2%2Fmedia&parent=275"}],"curies":[{"name":"wp","href":"https:\/\/api.w.org\/{rel}","templated":true}]}}