{"id":254,"date":"2016-03-13T01:57:43","date_gmt":"2016-03-13T01:57:43","guid":{"rendered":"http:\/\/polart-stowarzyszenie.pl\/?page_id=254"},"modified":"2017-04-23T21:55:18","modified_gmt":"2017-04-23T21:55:18","slug":"soleckakaja","status":"publish","type":"page","link":"http:\/\/polart-stowarzyszenie.pl\/?page_id=254","title":{"rendered":"KAJA SOLECKA"},"content":{"rendered":"<p><img data-attachment-id=\"657\" data-permalink=\"http:\/\/polart-stowarzyszenie.pl\/?attachment_id=657\" data-orig-file=\"https:\/\/i0.wp.com\/polart-stowarzyszenie.pl\/wp-content\/uploads\/2016\/03\/1898149_537899956312837_1560720430059979838_n.jpg?fit=945%2C945\" data-orig-size=\"945,945\" data-comments-opened=\"0\" data-image-meta=\"{&quot;aperture&quot;:&quot;0&quot;,&quot;credit&quot;:&quot;&quot;,&quot;camera&quot;:&quot;&quot;,&quot;caption&quot;:&quot;&quot;,&quot;created_timestamp&quot;:&quot;0&quot;,&quot;copyright&quot;:&quot;&quot;,&quot;focal_length&quot;:&quot;0&quot;,&quot;iso&quot;:&quot;0&quot;,&quot;shutter_speed&quot;:&quot;0&quot;,&quot;title&quot;:&quot;&quot;,&quot;orientation&quot;:&quot;0&quot;}\" data-image-title=\"1898149_537899956312837_1560720430059979838_n\" data-image-description=\"\" data-medium-file=\"https:\/\/i0.wp.com\/polart-stowarzyszenie.pl\/wp-content\/uploads\/2016\/03\/1898149_537899956312837_1560720430059979838_n.jpg?fit=300%2C300\" data-large-file=\"https:\/\/i0.wp.com\/polart-stowarzyszenie.pl\/wp-content\/uploads\/2016\/03\/1898149_537899956312837_1560720430059979838_n.jpg?fit=656%2C656\" loading=\"lazy\" class=\"alignnone size-medium wp-image-657\" src=\"https:\/\/i0.wp.com\/polart-stowarzyszenie.pl\/wp-content\/uploads\/2016\/03\/1898149_537899956312837_1560720430059979838_n.jpg?resize=300%2C300\" alt=\"1898149_537899956312837_1560720430059979838_n\" width=\"300\" height=\"300\" srcset=\"https:\/\/i0.wp.com\/polart-stowarzyszenie.pl\/wp-content\/uploads\/2016\/03\/1898149_537899956312837_1560720430059979838_n.jpg?resize=300%2C300 300w, https:\/\/i0.wp.com\/polart-stowarzyszenie.pl\/wp-content\/uploads\/2016\/03\/1898149_537899956312837_1560720430059979838_n.jpg?resize=150%2C150 150w, https:\/\/i0.wp.com\/polart-stowarzyszenie.pl\/wp-content\/uploads\/2016\/03\/1898149_537899956312837_1560720430059979838_n.jpg?w=945 945w\" sizes=\"(max-width: 300px) 100vw, 300px\" data-recalc-dims=\"1\" \/><\/p>\n<p><strong>Kaja Solecka <\/strong>&#8211; ur. w 1974 r. w Krakowie. Uko\u0144czy\u0142a Akademi\u0119 Sztuk Pi\u0119knych w Krakowie 1998. 1995-1998 \u2013 malarstwo w pracowni prof. Janusza Tarabu\u0142y. Zajmuje si\u0119 malarstwem, grafik\u0105, fotografi\u0105. W dorobku artystycznym posiada 15 wystaw indywidualnych w Polsce i za granic\u0105 m. in. Austrii, Niemczech. Bra\u0142a udzia\u0142 w wystawach zbiorowych w kraju oraz w Wielkiej Brytanii, Austrii, Niemczech, Francji, Maroku \/m. in. VII Jesienny Salon Sztuki, Ostrowiec \u015awi\u0119tokrzyski (2004); 'Into Europe&#8217; \u2013 New Art for New Reality, The Bloxham Galleries, Londyn (2004); 'Valentine Show&#8217;, The Bloxham Galleries, Londyn (2005); III Og\u00f3lnopolskie Biennale Malarstwa i Tkaniny Unikatowej, Tr\u00f3jmiasto 2005; 'Art Forward&#8217; Enduring Power of Paint, The Bloxham Galleries, Londyn; Chelsea Harbour Design Center \u2013 &#8222;Focus 2006&#8221;, Londyn; IV Triennale z Martw\u0105 Natur\u0105, Sieradz (2006); II Og\u00f3lnopolskie Biennale Miniatury Cyfrowej, P\u0142ock; Sport w grafice \u2013 Gdynia 2009; VI Mi\u0119dzynarodowe Triennale Grafiki Bitola 2009, Macedonia; 'Doors of Perception&#8217; \u2013 The Annexhibition, Crinan (2014); Rynek Sztuki M\u0142odych, NCK, Krak\u00f3w (2015); VII Triennale z Martw\u0105 Natur\u0105, Sieradz (2015); 'Presence et Tolerance&#8217;, Musee Municipal, Agadir, Moroko (2016); Salon International de l&#8217;Academie Europeenne Des Arts-France, Pary\u017c (2016)\/. Obrazy prezentowane na Mi\u0119dzynarodowych Targach Sztuki \u2013 AAF International Art Fair w Nowym Jorku (2007, 2008, 2010), Londynie (2007, 2008, 2010), Amsterdamie (2008); 20\/21 International Art Fair, The Royal College of Art w Londynie (2005, 2006, 2007, 2008, 2009, 2010, 2011). Prace znajduj\u0105 si\u0119 w prywatnych kolekcjach polskich i zagranicznych.<\/p>\n<p><a href=\"https:\/\/www.facebook.com\/kaja.solecka\">https:\/\/www.facebook.com\/kaja.solecka<\/a><\/p>\n<p><a href=\"http:\/\/www.opengallery.szczecin.pl\/artysci\/kaja-solecka\/\">http:\/\/www.opengallery.szczecin.pl\/artysci\/kaja-solecka\/<\/a><\/p>\n<p>&nbsp;<\/p>\n<p><img data-attachment-id=\"500\" data-permalink=\"http:\/\/polart-stowarzyszenie.pl\/?attachment_id=500\" data-orig-file=\"https:\/\/i1.wp.com\/polart-stowarzyszenie.pl\/wp-content\/uploads\/2016\/03\/ART_7576.jpg?fit=962%2C1453\" data-orig-size=\"962,1453\" data-comments-opened=\"0\" data-image-meta=\"{&quot;aperture&quot;:&quot;2.8&quot;,&quot;credit&quot;:&quot;ANDRZEJ_M.MAKUCH&quot;,&quot;camera&quot;:&quot;PENTAX K-5&quot;,&quot;caption&quot;:&quot;&quot;,&quot;created_timestamp&quot;:&quot;1396126023&quot;,&quot;copyright&quot;:&quot;ANDRZEJ_M.MAKUCH\\\/ART_MAK_STUDIO&quot;,&quot;focal_length&quot;:&quot;70&quot;,&quot;iso&quot;:&quot;1250&quot;,&quot;shutter_speed&quot;:&quot;0.02&quot;,&quot;title&quot;:&quot;&quot;,&quot;orientation&quot;:&quot;0&quot;}\" data-image-title=\"ART_7576\" data-image-description=\"\" data-medium-file=\"https:\/\/i1.wp.com\/polart-stowarzyszenie.pl\/wp-content\/uploads\/2016\/03\/ART_7576.jpg?fit=199%2C300\" data-large-file=\"https:\/\/i1.wp.com\/polart-stowarzyszenie.pl\/wp-content\/uploads\/2016\/03\/ART_7576.jpg?fit=656%2C991\" loading=\"lazy\" class=\"alignnone size-medium wp-image-500\" src=\"https:\/\/i1.wp.com\/polart-stowarzyszenie.pl\/wp-content\/uploads\/2016\/03\/ART_7576.jpg?resize=199%2C300\" alt=\"ART_7576\" width=\"199\" height=\"300\" srcset=\"https:\/\/i1.wp.com\/polart-stowarzyszenie.pl\/wp-content\/uploads\/2016\/03\/ART_7576.jpg?resize=199%2C300 199w, https:\/\/i1.wp.com\/polart-stowarzyszenie.pl\/wp-content\/uploads\/2016\/03\/ART_7576.jpg?resize=99%2C150 99w, https:\/\/i1.wp.com\/polart-stowarzyszenie.pl\/wp-content\/uploads\/2016\/03\/ART_7576.jpg?resize=678%2C1024 678w, https:\/\/i1.wp.com\/polart-stowarzyszenie.pl\/wp-content\/uploads\/2016\/03\/ART_7576.jpg?w=962 962w\" sizes=\"(max-width: 199px) 100vw, 199px\" data-recalc-dims=\"1\" \/><img data-attachment-id=\"328\" data-permalink=\"http:\/\/polart-stowarzyszenie.pl\/?attachment_id=328\" data-orig-file=\"https:\/\/i2.wp.com\/polart-stowarzyszenie.pl\/wp-content\/uploads\/2016\/03\/art_7577_1.jpg?fit=1453%2C962\" data-orig-size=\"1453,962\" data-comments-opened=\"0\" data-image-meta=\"{&quot;aperture&quot;:&quot;2.8&quot;,&quot;credit&quot;:&quot;ANDRZEJ_M.MAKUCH&quot;,&quot;camera&quot;:&quot;PENTAX K-5&quot;,&quot;caption&quot;:&quot;&quot;,&quot;created_timestamp&quot;:&quot;1396126038&quot;,&quot;copyright&quot;:&quot;ANDRZEJ_M.MAKUCH\\\/ART_MAK_STUDIO&quot;,&quot;focal_length&quot;:&quot;70&quot;,&quot;iso&quot;:&quot;1250&quot;,&quot;shutter_speed&quot;:&quot;0.02&quot;,&quot;title&quot;:&quot;&quot;,&quot;orientation&quot;:&quot;0&quot;}\" data-image-title=\"art_7577_1\" data-image-description=\"\" data-medium-file=\"https:\/\/i2.wp.com\/polart-stowarzyszenie.pl\/wp-content\/uploads\/2016\/03\/art_7577_1.jpg?fit=300%2C199\" data-large-file=\"https:\/\/i2.wp.com\/polart-stowarzyszenie.pl\/wp-content\/uploads\/2016\/03\/art_7577_1.jpg?fit=656%2C434\" loading=\"lazy\" class=\"alignnone size-medium wp-image-328\" src=\"https:\/\/i2.wp.com\/polart-stowarzyszenie.pl\/wp-content\/uploads\/2016\/03\/art_7577_1.jpg?resize=300%2C199\" alt=\"art_7577_1\" width=\"300\" height=\"199\" srcset=\"https:\/\/i2.wp.com\/polart-stowarzyszenie.pl\/wp-content\/uploads\/2016\/03\/art_7577_1.jpg?resize=300%2C199 300w, https:\/\/i2.wp.com\/polart-stowarzyszenie.pl\/wp-content\/uploads\/2016\/03\/art_7577_1.jpg?resize=150%2C99 150w, https:\/\/i2.wp.com\/polart-stowarzyszenie.pl\/wp-content\/uploads\/2016\/03\/art_7577_1.jpg?resize=1024%2C678 1024w, https:\/\/i2.wp.com\/polart-stowarzyszenie.pl\/wp-content\/uploads\/2016\/03\/art_7577_1.jpg?w=1453 1453w, https:\/\/i2.wp.com\/polart-stowarzyszenie.pl\/wp-content\/uploads\/2016\/03\/art_7577_1.jpg?w=1312 1312w\" sizes=\"(max-width: 300px) 100vw, 300px\" data-recalc-dims=\"1\" \/><\/p>\n<div class=\"jetpack-video-wrapper\"><span class=\"embed-youtube\" style=\"text-align:center; display: block;\"><iframe class='youtube-player' width='656' height='369' src='https:\/\/www.youtube.com\/embed\/agEyz8rf5aw?version=3&#038;rel=1&#038;showsearch=0&#038;showinfo=1&#038;iv_load_policy=1&#038;fs=1&#038;hl=pl-PL&#038;autohide=2&#038;wmode=transparent' allowfullscreen='true' style='border:0;' sandbox='allow-scripts allow-same-origin allow-popups allow-presentation'><\/iframe><\/span><\/div>\n<p><a href=\"http:\/\/www.gazetakrakowska.pl\/artykul\/9308502,nowy-sacz-krakowianka-kaja-solecka-w-malej-galerii-wideo,id,t.html\">http:\/\/www.gazetakrakowska.pl\/artykul\/9308502,nowy-sacz-krakowianka-kaja-solecka-w-malej-galerii-wideo,id,t.html<\/a><\/p>\n<p>&nbsp;<\/p>\n<p><img data-attachment-id=\"338\" data-permalink=\"http:\/\/polart-stowarzyszenie.pl\/?attachment_id=338\" data-orig-file=\"https:\/\/i2.wp.com\/polart-stowarzyszenie.pl\/wp-content\/uploads\/2016\/03\/plakatwieliczka.jpg?fit=2832%2C2482\" data-orig-size=\"2832,2482\" data-comments-opened=\"0\" data-image-meta=\"{&quot;aperture&quot;:&quot;0&quot;,&quot;credit&quot;:&quot;&quot;,&quot;camera&quot;:&quot;&quot;,&quot;caption&quot;:&quot;&quot;,&quot;created_timestamp&quot;:&quot;0&quot;,&quot;copyright&quot;:&quot;&quot;,&quot;focal_length&quot;:&quot;0&quot;,&quot;iso&quot;:&quot;0&quot;,&quot;shutter_speed&quot;:&quot;0&quot;,&quot;title&quot;:&quot;&quot;,&quot;orientation&quot;:&quot;0&quot;}\" data-image-title=\"plakatwieliczka\" data-image-description=\"\" data-medium-file=\"https:\/\/i2.wp.com\/polart-stowarzyszenie.pl\/wp-content\/uploads\/2016\/03\/plakatwieliczka.jpg?fit=300%2C263\" data-large-file=\"https:\/\/i2.wp.com\/polart-stowarzyszenie.pl\/wp-content\/uploads\/2016\/03\/plakatwieliczka.jpg?fit=656%2C575\" loading=\"lazy\" class=\"alignnone wp-image-338 size-large\" src=\"https:\/\/i2.wp.com\/polart-stowarzyszenie.pl\/wp-content\/uploads\/2016\/03\/plakatwieliczka.jpg?resize=656%2C575\" alt=\"plakatwieliczka\" width=\"656\" height=\"575\" srcset=\"https:\/\/i2.wp.com\/polart-stowarzyszenie.pl\/wp-content\/uploads\/2016\/03\/plakatwieliczka.jpg?resize=1024%2C897 1024w, https:\/\/i2.wp.com\/polart-stowarzyszenie.pl\/wp-content\/uploads\/2016\/03\/plakatwieliczka.jpg?resize=150%2C131 150w, https:\/\/i2.wp.com\/polart-stowarzyszenie.pl\/wp-content\/uploads\/2016\/03\/plakatwieliczka.jpg?resize=300%2C263 300w, https:\/\/i2.wp.com\/polart-stowarzyszenie.pl\/wp-content\/uploads\/2016\/03\/plakatwieliczka.jpg?w=1312 1312w, https:\/\/i2.wp.com\/polart-stowarzyszenie.pl\/wp-content\/uploads\/2016\/03\/plakatwieliczka.jpg?w=1968 1968w\" sizes=\"(max-width: 656px) 100vw, 656px\" data-recalc-dims=\"1\" \/><!--more--><\/p>\n<p><img data-attachment-id=\"362\" data-permalink=\"http:\/\/polart-stowarzyszenie.pl\/?attachment_id=362\" data-orig-file=\"https:\/\/i1.wp.com\/polart-stowarzyszenie.pl\/wp-content\/uploads\/2016\/03\/550973_618411331526563_1367477588_n-1.jpg?fit=960%2C646\" data-orig-size=\"960,646\" data-comments-opened=\"0\" data-image-meta=\"{&quot;aperture&quot;:&quot;0&quot;,&quot;credit&quot;:&quot;&quot;,&quot;camera&quot;:&quot;&quot;,&quot;caption&quot;:&quot;&quot;,&quot;created_timestamp&quot;:&quot;0&quot;,&quot;copyright&quot;:&quot;&quot;,&quot;focal_length&quot;:&quot;0&quot;,&quot;iso&quot;:&quot;0&quot;,&quot;shutter_speed&quot;:&quot;0&quot;,&quot;title&quot;:&quot;&quot;,&quot;orientation&quot;:&quot;0&quot;}\" data-image-title=\"550973_618411331526563_1367477588_n\" data-image-description=\"\" data-medium-file=\"https:\/\/i1.wp.com\/polart-stowarzyszenie.pl\/wp-content\/uploads\/2016\/03\/550973_618411331526563_1367477588_n-1.jpg?fit=300%2C202\" data-large-file=\"https:\/\/i1.wp.com\/polart-stowarzyszenie.pl\/wp-content\/uploads\/2016\/03\/550973_618411331526563_1367477588_n-1.jpg?fit=656%2C441\" loading=\"lazy\" class=\"alignnone wp-image-362 size-full\" src=\"https:\/\/i1.wp.com\/polart-stowarzyszenie.pl\/wp-content\/uploads\/2016\/03\/550973_618411331526563_1367477588_n-1.jpg?resize=656%2C441\" alt=\"550973_618411331526563_1367477588_n\" width=\"656\" height=\"441\" srcset=\"https:\/\/i1.wp.com\/polart-stowarzyszenie.pl\/wp-content\/uploads\/2016\/03\/550973_618411331526563_1367477588_n-1.jpg?w=960 960w, https:\/\/i1.wp.com\/polart-stowarzyszenie.pl\/wp-content\/uploads\/2016\/03\/550973_618411331526563_1367477588_n-1.jpg?resize=150%2C101 150w, https:\/\/i1.wp.com\/polart-stowarzyszenie.pl\/wp-content\/uploads\/2016\/03\/550973_618411331526563_1367477588_n-1.jpg?resize=300%2C202 300w\" sizes=\"(max-width: 656px) 100vw, 656px\" data-recalc-dims=\"1\" \/><\/p>\n<p>&nbsp;<\/p>\n","protected":false},"excerpt":{"rendered":"<p>Kaja Solecka &#8211; ur. w 1974 r. w Krakowie. Uko\u0144czy\u0142a Akademi\u0119 Sztuk Pi\u0119knych w Krakowie 1998. 1995-1998 \u2013 malarstwo w pracowni prof. Janusza Tarabu\u0142y. Zajmuje si\u0119 malarstwem, grafik\u0105, fotografi\u0105. W dorobku artystycznym posiada 15 wystaw indywidualnych w Polsce i za granic\u0105 m. in. Austrii, Niemczech. Bra\u0142a udzia\u0142 w wystawach zbiorowych w kraju oraz w Wielkiej Brytanii, Austrii, Niemczech, Francji, Maroku \/m. in. VII Jesienny Salon Sztuki, Ostrowiec \u015awi\u0119tokrzyski (2004); 'Into Europe&#8217; \u2013 New Art for New Reality, The Bloxham Galleries, Londyn (2004); 'Valentine Show&#8217;, The Bloxham Galleries, Londyn (2005); III Og\u00f3lnopolskie Biennale Malarstwa i Tkaniny Unikatowej, Tr\u00f3jmiasto 2005; 'Art Forward&#8217; Enduring Power of Paint, The Bloxham Galleries, Londyn; Chelsea Harbour [&hellip;]<\/p>\n","protected":false},"author":1,"featured_media":0,"parent":112,"menu_order":0,"comment_status":"closed","ping_status":"closed","template":"","meta":{"spay_email":""},"jetpack_sharing_enabled":true,"jetpack_shortlink":"https:\/\/wp.me\/Pco9ws-46","jetpack-related-posts":[{"id":79,"url":"http:\/\/polart-stowarzyszenie.pl\/?page_id=79","url_meta":{"origin":254,"position":0},"title":"II MI\u0118DZYNARODOWY FESTIWAL 2014","date":"9 marca 2016","format":false,"excerpt":"II MI\u0118DZYNARODOWY FESTIWAL ZWI\u0104ZKI POMI\u0118DZY KULTUR\u0104 PO\u0141UDNIA A P\u00d3\u0141NOCY \u2013 SCHUBERT-CHOPIN-GRIEG \u2013 WZAJEMNE INSPIRACJE I REZONANS W MALARSTWIE I LITERATURZE\u00a0 W KOPALNI SOLI WIELICZKA\u00a0 XVII Salon Sztuki Stowarzyszenia Tw\u00f3rczego POLART w Kopalni Soli \"Wieliczka\" Wernisa\u017c \u00a0i recital Katherin Buczak 29 marca 2014 http:\/\/nettg.pl\/news\/119425\/kultura-malarstwo-i-rzezba-pod-ziemia W podziemiach Kopalni Soli Wieliczka, w sobotni\u2026","rel":"","context":"Similar post","img":{"alt_text":"","src":"https:\/\/i1.wp.com\/polart-stowarzyszenie.pl\/wp-content\/uploads\/2016\/03\/art_7417.jpg?resize=350%2C200","width":350,"height":200},"classes":[]},{"id":2467,"url":"http:\/\/polart-stowarzyszenie.pl\/?page_id=2467","url_meta":{"origin":254,"position":1},"title":"IX MI\u0118DZYNARODOWY FESTIWAL 2021","date":"16 czerwca 2022","format":false,"excerpt":"IX MI\u0118DZYNARODOWY FESTIWAL \u00a0ZWI\u0104ZKI POMI\u0118DZY KULTUR\u0104 PO\u0141UDNIA A P\u00d3\u0141NOCY SCHUBERT-CHOPIN-GRIEG WZAJEMNE INSPIRACJE I REZONANS W MALARSTWIE I LTERATURZE \u00a0 KAJA SOLECKA WYSTAWA MALARSTWA SATURACJA","rel":"","context":"Similar post","img":{"alt_text":"","src":"https:\/\/i2.wp.com\/polart-stowarzyszenie.pl\/wp-content\/uploads\/2021\/09\/MOG-e1631485759153.jpg?resize=350%2C200","width":350,"height":200},"classes":[]},{"id":82,"url":"http:\/\/polart-stowarzyszenie.pl\/?page_id=82","url_meta":{"origin":254,"position":2},"title":"I MI\u0118DZYNARODOWY FESTIWAL 2013","date":"9 marca 2016","format":false,"excerpt":"ZWI\u0104ZKI POMI\u0118DZY KULTUR\u0104 PO\u0141UDNIA A P\u00d3\u0141NOCY \u2013 SCHUBERT-CHOPIN-GRIEG \u2013 WZAJEMNE INSPIRACJE I REZONANS W MALARSTWIE I LITERATURZE Krak\u00f3w -\u00a0\u00a0Arendal -\u00a0\u00a0WIEDE\u0143\u00a0\u00a02013 \u00a0 ----------------------------------------------------------------------- \u00a0","rel":"","context":"Similar post","img":{"alt_text":"","src":"https:\/\/i2.wp.com\/polart-stowarzyszenie.pl\/wp-content\/uploads\/2016\/03\/ART_3825a.jpg?resize=350%2C200","width":350,"height":200},"classes":[]},{"id":1580,"url":"http:\/\/polart-stowarzyszenie.pl\/?page_id=1580","url_meta":{"origin":254,"position":3},"title":"Sprawozdanie Zarz\u0105du Stowarzyszenia Tw\u00f3rczego POLART w Krakowie za rok 2016","date":"2 maja 2017","format":false,"excerpt":"ZARZ\u0104DZANIE. W 2016 r. odby\u0142o si\u0119 Walne Zgromadzenie Stowarzyszenia \u2013 7 kwietnia 2016 r. na Zamku w Niepo\u0142omicach. przyj\u0119to sprawozdanie merytoryczne z dzia\u0142alno\u015bci 2015 przyj\u0119to sprawozdanie finansowe z dzia\u0142alno\u015bci 2015 udzielono absolutorium Zarz\u0105dowi przyj\u0119to nowych cz\u0142onk\u00f3w: Jan Zych, Adam Gryczy\u0144ski, Wis\u0142a Batruch, Marek Dunin-W\u0105sowicz \u00a0 W 2016 r. odby\u0142o si\u0119\u2026","rel":"","context":"Similar post","img":{"alt_text":"","src":"","width":0,"height":0},"classes":[]},{"id":10,"url":"http:\/\/polart-stowarzyszenie.pl\/?page_id=10","url_meta":{"origin":254,"position":4},"title":"XVIII SALON SZTUKI POLARTU 2016 W NIEPO\u0141OMICACH   -","date":"9 marca 2016","format":false,"excerpt":"https:\/\/www.facebook.com\/events\/1565128807131896\/ W wystawie bior\u0105 udzia\u0142: ROMAN BANASZEWSKI STANIS\u0141AW BATRUCH KIEJSTUT BERE\u0179NICKI ANNA BERG RENATA BONCZAR TERESA CHOMIK-KAZARIAN STEFAN DOUSA ANDRZEJ GUTTFELD ANNA JELONEK-SOCHA RYSZARD KARCZMARSKI IZABELLA KIERSKA BRONIS\u0141AW KRZYSZTOF WINCENTY KU\u0106MA KRZYSZTOF KULI\u015a KRZYSZTOF LITWIN ANDRZEJ MAKUCH KRYSTYNA NOWAKOWSKA JERZY NOWAKOWSKI EWA OLSZEWSKA-BORYS ANDRZEJ POLLO ADRIAN POLOCZEK AGATA POLOCZEK EWA\u2026","rel":"","context":"Similar post","img":{"alt_text":"","src":"https:\/\/i2.wp.com\/polart-stowarzyszenie.pl\/wp-content\/uploads\/2016\/03\/1934561_1162874633722562_7999808838506461301_n-200x300.jpg?resize=350%2C200","width":350,"height":200},"classes":[]},{"id":112,"url":"http:\/\/polart-stowarzyszenie.pl\/?page_id=112","url_meta":{"origin":254,"position":5},"title":"SALONY SZTUKI  POLARTU - ARTY\u015aCI PLASTYCY","date":"9 marca 2016","format":false,"excerpt":"W wystawie bior\u0105 udzia\u0142: ROMAN BANASZEWSKI STANIS\u0141AW BATRUCH KIEJSTUT BERE\u0179NICKI ANNA BERG RENATA BONCZAR TERESA CHOMIK-KAZARIAN STEFAN DOUSA ANDRZEJ GUTTFELD ANNA JELONEK-SOCHA RYSZARD KARCZMARSKI IZABELLA KIERSKA BRONIS\u0141AW KRZYSZTOF WINCENTY KU\u0106MA KRZYSZTOF KULI\u015a KRZYSZTOF LITWIN ANDRZEJ MAKUCH KRYSTYNA NOWAKOWSKA JERZY NOWAKOWSKI EWA OLSZEWSKA-BORYS ANDRZEJ POLLO ADRIAN POLOCZEK AGATA POLOCZEK EWA MARIA\u2026","rel":"","context":"Similar post","img":{"alt_text":"","src":"https:\/\/i0.wp.com\/polart-stowarzyszenie.pl\/wp-content\/uploads\/2016\/03\/1898149_537899956312837_1560720430059979838_n.jpg?resize=350%2C200","width":350,"height":200},"classes":[]}],"_links":{"self":[{"href":"http:\/\/polart-stowarzyszenie.pl\/index.php?rest_route=\/wp\/v2\/pages\/254"}],"collection":[{"href":"http:\/\/polart-stowarzyszenie.pl\/index.php?rest_route=\/wp\/v2\/pages"}],"about":[{"href":"http:\/\/polart-stowarzyszenie.pl\/index.php?rest_route=\/wp\/v2\/types\/page"}],"author":[{"embeddable":true,"href":"http:\/\/polart-stowarzyszenie.pl\/index.php?rest_route=\/wp\/v2\/users\/1"}],"replies":[{"embeddable":true,"href":"http:\/\/polart-stowarzyszenie.pl\/index.php?rest_route=%2Fwp%2Fv2%2Fcomments&post=254"}],"version-history":[{"count":19,"href":"http:\/\/polart-stowarzyszenie.pl\/index.php?rest_route=\/wp\/v2\/pages\/254\/revisions"}],"predecessor-version":[{"id":1493,"href":"http:\/\/polart-stowarzyszenie.pl\/index.php?rest_route=\/wp\/v2\/pages\/254\/revisions\/1493"}],"up":[{"embeddable":true,"href":"http:\/\/polart-stowarzyszenie.pl\/index.php?rest_route=\/wp\/v2\/pages\/112"}],"wp:attachment":[{"href":"http:\/\/polart-stowarzyszenie.pl\/index.php?rest_route=%2Fwp%2Fv2%2Fmedia&parent=254"}],"curies":[{"name":"wp","href":"https:\/\/api.w.org\/{rel}","templated":true}]}}